{"id":8,"date":"2021-09-09T10:17:52","date_gmt":"2021-09-09T08:17:52","guid":{"rendered":"http:\/\/victorbrunet.fr\/?page_id=8"},"modified":"2021-09-09T14:24:15","modified_gmt":"2021-09-09T12:24:15","slug":"contact","status":"publish","type":"page","link":"https:\/\/victorbrunet.fr\/index.php\/contact\/","title":{"rendered":"Contact"},"content":{"rendered":"\r\n<p>Vous souhaitez prendre contact avec moi ?<br \/>C&rsquo;est tr\u00e8s simple ! Je vous invite \u00e0 m&rsquo;envoyer un email : <a href=\"mailto:contact@victorbrunet.fr\">contact@victorbrunet.fr<\/a><\/p>\r\n<p>Sinon, compl\u00e9tez le formulaire suivant et je reviens vers vous dans les meilleurs d\u00e9lais :<br \/><div role=\"form\" class=\"wpcf7\" id=\"wpcf7-f51-o1\" lang=\"fr-FR\" dir=\"ltr\">\n<div class=\"screen-reader-response\"><p role=\"status\" aria-live=\"polite\" aria-atomic=\"true\"><\/p> <ul><\/ul><\/div>\n<form action=\"\/index.php\/wp-json\/wp\/v2\/pages\/8#wpcf7-f51-o1\" method=\"post\" class=\"wpcf7-form init\" novalidate=\"novalidate\" data-status=\"init\">\n<div style=\"display: none;\">\n<input type=\"hidden\" name=\"_wpcf7\" value=\"51\" \/>\n<input type=\"hidden\" name=\"_wpcf7_version\" value=\"5.4.2\" \/>\n<input type=\"hidden\" name=\"_wpcf7_locale\" value=\"fr_FR\" \/>\n<input type=\"hidden\" name=\"_wpcf7_unit_tag\" value=\"wpcf7-f51-o1\" \/>\n<input type=\"hidden\" name=\"_wpcf7_container_post\" value=\"0\" \/>\n<input type=\"hidden\" name=\"_wpcf7_posted_data_hash\" value=\"\" \/>\n<\/div>\n<p><label> Votre nom<br \/>\n    <span class=\"wpcf7-form-control-wrap your-name\"><input type=\"text\" name=\"your-name\" value=\"\" size=\"40\" class=\"wpcf7-form-control wpcf7-text wpcf7-validates-as-required\" aria-required=\"true\" aria-invalid=\"false\" \/><\/span> <\/label><\/p>\n<p><label> Votre e-mail<br \/>\n    <span class=\"wpcf7-form-control-wrap your-email\"><input type=\"email\" name=\"your-email\" value=\"\" size=\"40\" class=\"wpcf7-form-control wpcf7-text wpcf7-email wpcf7-validates-as-required wpcf7-validates-as-email\" aria-required=\"true\" aria-invalid=\"false\" \/><\/span> <\/label><\/p>\n<p><label> Objet<br \/>\n    <span class=\"wpcf7-form-control-wrap your-subject\"><input type=\"text\" name=\"your-subject\" value=\"\" size=\"40\" class=\"wpcf7-form-control wpcf7-text wpcf7-validates-as-required\" aria-required=\"true\" aria-invalid=\"false\" \/><\/span> <\/label><\/p>\n<p><label> Votre message (facultatif)<br \/>\n    <span class=\"wpcf7-form-control-wrap your-message\"><textarea name=\"your-message\" cols=\"40\" rows=\"10\" class=\"wpcf7-form-control wpcf7-textarea\" aria-invalid=\"false\"><\/textarea><\/span> <\/label><\/p>\n<p><input type=\"submit\" value=\"Envoyer\" class=\"wpcf7-form-control wpcf7-submit\" \/><\/p>\n<div class=\"wpcf7-response-output\" aria-hidden=\"true\"><\/div><\/form><\/div><\/p>\r\n","protected":false},"excerpt":{"rendered":"<p>Vous souhaitez prendre contact avec moi ?C&rsquo;est tr\u00e8s simple ! Je vous invite \u00e0 m&rsquo;envoyer un email : contact@victorbrunet.fr Sinon, compl\u00e9tez le formulaire suivant et je reviens vers vous dans les meilleurs d\u00e9lais :<\/p>\n","protected":false},"author":1,"featured_media":0,"parent":0,"menu_order":0,"comment_status":"closed","ping_status":"closed","template":"","meta":{"footnotes":""},"class_list":["post-8","page","type-page","status-publish","hentry"],"yoast_head":"<!-- This site is optimized with the Yoast SEO plugin v24.2 - https:\/\/yoast.com\/wordpress\/plugins\/seo\/ -->\n<title>Contact - Victor BRUNET<\/title>\n<meta name=\"robots\" content=\"index, follow, max-snippet:-1, max-image-preview:large, max-video-preview:-1\" \/>\n<link rel=\"canonical\" href=\"https:\/\/victorbrunet.fr\/index.php\/contact\/\" \/>\n<meta property=\"og:locale\" content=\"fr_FR\" \/>\n<meta property=\"og:type\" content=\"article\" \/>\n<meta property=\"og:title\" content=\"Contact - Victor BRUNET\" \/>\n<meta property=\"og:description\" content=\"Vous souhaitez prendre contact avec moi ?C&rsquo;est tr\u00e8s simple ! Je vous invite \u00e0 m&rsquo;envoyer un email : contact@victorbrunet.fr Sinon, compl\u00e9tez le formulaire suivant et je reviens vers vous dans les meilleurs d\u00e9lais :\" \/>\n<meta property=\"og:url\" content=\"https:\/\/victorbrunet.fr\/index.php\/contact\/\" \/>\n<meta property=\"og:site_name\" content=\"Victor BRUNET\" \/>\n<meta property=\"article:modified_time\" content=\"2021-09-09T12:24:15+00:00\" \/>\n<meta name=\"twitter:card\" content=\"summary_large_image\" \/>\n<script type=\"application\/ld+json\" class=\"yoast-schema-graph\">{\"@context\":\"https:\/\/schema.org\",\"@graph\":[{\"@type\":\"WebPage\",\"@id\":\"https:\/\/victorbrunet.fr\/index.php\/contact\/\",\"url\":\"https:\/\/victorbrunet.fr\/index.php\/contact\/\",\"name\":\"Contact - Victor BRUNET\",\"isPartOf\":{\"@id\":\"https:\/\/victorbrunet.fr\/#website\"},\"datePublished\":\"2021-09-09T08:17:52+00:00\",\"dateModified\":\"2021-09-09T12:24:15+00:00\",\"breadcrumb\":{\"@id\":\"https:\/\/victorbrunet.fr\/index.php\/contact\/#breadcrumb\"},\"inLanguage\":\"fr-FR\",\"potentialAction\":[{\"@type\":\"ReadAction\",\"target\":[\"https:\/\/victorbrunet.fr\/index.php\/contact\/\"]}]},{\"@type\":\"BreadcrumbList\",\"@id\":\"https:\/\/victorbrunet.fr\/index.php\/contact\/#breadcrumb\",\"itemListElement\":[{\"@type\":\"ListItem\",\"position\":1,\"name\":\"Accueil\",\"item\":\"https:\/\/victorbrunet.fr\/\"},{\"@type\":\"ListItem\",\"position\":2,\"name\":\"Contact\"}]},{\"@type\":\"WebSite\",\"@id\":\"https:\/\/victorbrunet.fr\/#website\",\"url\":\"https:\/\/victorbrunet.fr\/\",\"name\":\"Victor BRUNET\",\"description\":\"Quand on veut... on fait !\",\"potentialAction\":[{\"@type\":\"SearchAction\",\"target\":{\"@type\":\"EntryPoint\",\"urlTemplate\":\"https:\/\/victorbrunet.fr\/?s={search_term_string}\"},\"query-input\":{\"@type\":\"PropertyValueSpecification\",\"valueRequired\":true,\"valueName\":\"search_term_string\"}}],\"inLanguage\":\"fr-FR\"}]}<\/script>\n<!-- \/ Yoast SEO plugin. -->","yoast_head_json":{"title":"Contact - Victor BRUNET","robots":{"index":"index","follow":"follow","max-snippet":"max-snippet:-1","max-image-preview":"max-image-preview:large","max-video-preview":"max-video-preview:-1"},"canonical":"https:\/\/victorbrunet.fr\/index.php\/contact\/","og_locale":"fr_FR","og_type":"article","og_title":"Contact - Victor BRUNET","og_description":"Vous souhaitez prendre contact avec moi ?C&rsquo;est tr\u00e8s simple ! Je vous invite \u00e0 m&rsquo;envoyer un email : contact@victorbrunet.fr Sinon, compl\u00e9tez le formulaire suivant et je reviens vers vous dans les meilleurs d\u00e9lais :","og_url":"https:\/\/victorbrunet.fr\/index.php\/contact\/","og_site_name":"Victor BRUNET","article_modified_time":"2021-09-09T12:24:15+00:00","twitter_card":"summary_large_image","schema":{"@context":"https:\/\/schema.org","@graph":[{"@type":"WebPage","@id":"https:\/\/victorbrunet.fr\/index.php\/contact\/","url":"https:\/\/victorbrunet.fr\/index.php\/contact\/","name":"Contact - Victor BRUNET","isPartOf":{"@id":"https:\/\/victorbrunet.fr\/#website"},"datePublished":"2021-09-09T08:17:52+00:00","dateModified":"2021-09-09T12:24:15+00:00","breadcrumb":{"@id":"https:\/\/victorbrunet.fr\/index.php\/contact\/#breadcrumb"},"inLanguage":"fr-FR","potentialAction":[{"@type":"ReadAction","target":["https:\/\/victorbrunet.fr\/index.php\/contact\/"]}]},{"@type":"BreadcrumbList","@id":"https:\/\/victorbrunet.fr\/index.php\/contact\/#breadcrumb","itemListElement":[{"@type":"ListItem","position":1,"name":"Accueil","item":"https:\/\/victorbrunet.fr\/"},{"@type":"ListItem","position":2,"name":"Contact"}]},{"@type":"WebSite","@id":"https:\/\/victorbrunet.fr\/#website","url":"https:\/\/victorbrunet.fr\/","name":"Victor BRUNET","description":"Quand on veut... on fait !","potentialAction":[{"@type":"SearchAction","target":{"@type":"EntryPoint","urlTemplate":"https:\/\/victorbrunet.fr\/?s={search_term_string}"},"query-input":{"@type":"PropertyValueSpecification","valueRequired":true,"valueName":"search_term_string"}}],"inLanguage":"fr-FR"}]}},"_links":{"self":[{"href":"https:\/\/victorbrunet.fr\/index.php\/wp-json\/wp\/v2\/pages\/8","targetHints":{"allow":["GET"]}}],"collection":[{"href":"https:\/\/victorbrunet.fr\/index.php\/wp-json\/wp\/v2\/pages"}],"about":[{"href":"https:\/\/victorbrunet.fr\/index.php\/wp-json\/wp\/v2\/types\/page"}],"author":[{"embeddable":true,"href":"https:\/\/victorbrunet.fr\/index.php\/wp-json\/wp\/v2\/users\/1"}],"replies":[{"embeddable":true,"href":"https:\/\/victorbrunet.fr\/index.php\/wp-json\/wp\/v2\/comments?post=8"}],"version-history":[{"count":3,"href":"https:\/\/victorbrunet.fr\/index.php\/wp-json\/wp\/v2\/pages\/8\/revisions"}],"predecessor-version":[{"id":53,"href":"https:\/\/victorbrunet.fr\/index.php\/wp-json\/wp\/v2\/pages\/8\/revisions\/53"}],"wp:attachment":[{"href":"https:\/\/victorbrunet.fr\/index.php\/wp-json\/wp\/v2\/media?parent=8"}],"curies":[{"name":"wp","href":"https:\/\/api.w.org\/{rel}","templated":true}]}}