{"id":72,"date":"2021-09-09T17:10:21","date_gmt":"2021-09-09T15:10:21","guid":{"rendered":"https:\/\/victorbrunet.fr\/?page_id=72"},"modified":"2021-10-15T10:11:03","modified_gmt":"2021-10-15T08:11:03","slug":"a-la-recherche-dune-entreprise-pour-un-stage-decouverte","status":"publish","type":"page","link":"https:\/\/victorbrunet.fr\/index.php\/a-la-recherche-dune-entreprise-pour-un-stage-decouverte\/","title":{"rendered":"A la recherche d&rsquo;une entreprise pour un stage D\u00e9couverte"},"content":{"rendered":"<p>Les objectifs de ce stage d\u2019observation en milieu professionnel sont \u2212 Sensibiliser au monde du travail, \u00e0 l\u2019environnement technologique, \u00e9conomique et professionnel<br \/>\n\u2212 Observer le fonctionnement d&rsquo;une entreprise<br \/>\n\u2212 Observer les activit\u00e9s professionnelles dans un champ professionnel<\/p>\n<p>Voici le lien de la convention de stage : <a href=\"https:\/\/victorbrunet.fr\/wp-content\/uploads\/2021\/09\/Convention_de_stage_3\u00b0_-_2021.2022.pdf\">&gt; Cliquez ici<\/a><br \/>\nDates du stage : Du lundi 3 janvier au vendredi 7 janvier 2022<\/p>\n<p>Pour plus de pr\u00e9cisions :<br \/>\n&#8211; Contactez-moi : <a href=\"mailto:contact@victorbrunet.fr\">contact@victorbrunet.fr<\/a><br \/>\n&#8211; Contactez directement mes parents : +33(0)7 62 32 46 91<\/p>\n<p>En effet, je souhaite que ce stage, m\u00eame s&rsquo;il n&rsquo;est un temps de d\u00e9couverte, puisse \u00eatre un \u00e9l\u00e9ment contribuant \u00e0 ma perspective : un lyc\u00e9e d&rsquo;un tr\u00e8s bon niveau, une Pr\u00e9pa, une \u00e9cole d&rsquo;ing\u00e9nieur.<\/p>\n<p>Et si vous avez un doute sur l&rsquo;int\u00e9r\u00eat de m&rsquo;int\u00e9grer dans le cadre de ce stage, voici des solutions : \u00ab\u00a0<a href=\"https:\/\/www.jobirl.com\/pro\/s-informer-pro\/20-activites-stage-decouverte\">20 exemples d\u2019activit\u00e9s \u00e0 confier \u00e0 un \u00e9l\u00e8ve de 3\u00e8me en stage de d\u00e9couverte<\/a>\u00a0\u00bb<\/p>\n<p style=\"text-align: right;\">Victor BRUNET<\/p>\n","protected":false},"excerpt":{"rendered":"<p>Les objectifs de ce stage d\u2019observation en milieu professionnel sont \u2212 Sensibiliser au monde du travail, \u00e0 l\u2019environnement technologique, \u00e9conomique et professionnel \u2212 Observer le fonctionnement d&rsquo;une entreprise \u2212 Observer les activit\u00e9s professionnelles dans un champ professionnel Voici le lien de la convention de stage : &gt; Cliquez ici Dates du stage : Du lundi [&hellip;]<\/p>\n","protected":false},"author":1,"featured_media":0,"parent":0,"menu_order":0,"comment_status":"closed","ping_status":"closed","template":"","meta":{"footnotes":""},"class_list":["post-72","page","type-page","status-publish","hentry"],"yoast_head":"<!-- This site is optimized with the Yoast SEO plugin v24.2 - https:\/\/yoast.com\/wordpress\/plugins\/seo\/ -->\n<title>A la recherche d&#039;une entreprise pour un stage D\u00e9couverte - Victor BRUNET<\/title>\n<meta name=\"robots\" content=\"index, follow, max-snippet:-1, max-image-preview:large, max-video-preview:-1\" \/>\n<link rel=\"canonical\" href=\"https:\/\/victorbrunet.fr\/index.php\/a-la-recherche-dune-entreprise-pour-un-stage-decouverte\/\" \/>\n<meta property=\"og:locale\" content=\"fr_FR\" \/>\n<meta property=\"og:type\" content=\"article\" \/>\n<meta property=\"og:title\" content=\"A la recherche d&#039;une entreprise pour un stage D\u00e9couverte - Victor BRUNET\" \/>\n<meta property=\"og:description\" content=\"Les objectifs de ce stage d\u2019observation en milieu professionnel sont \u2212 Sensibiliser au monde du travail, \u00e0 l\u2019environnement technologique, \u00e9conomique et professionnel \u2212 Observer le fonctionnement d&rsquo;une entreprise \u2212 Observer les activit\u00e9s professionnelles dans un champ professionnel Voici le lien de la convention de stage : &gt; Cliquez ici Dates du stage : Du lundi [&hellip;]\" \/>\n<meta property=\"og:url\" content=\"https:\/\/victorbrunet.fr\/index.php\/a-la-recherche-dune-entreprise-pour-un-stage-decouverte\/\" \/>\n<meta property=\"og:site_name\" content=\"Victor BRUNET\" \/>\n<meta property=\"article:modified_time\" content=\"2021-10-15T08:11:03+00:00\" \/>\n<meta name=\"twitter:card\" content=\"summary_large_image\" \/>\n<meta name=\"twitter:label1\" content=\"Dur\u00e9e de lecture estim\u00e9e\" \/>\n\t<meta name=\"twitter:data1\" content=\"1 minute\" \/>\n<script type=\"application\/ld+json\" class=\"yoast-schema-graph\">{\"@context\":\"https:\/\/schema.org\",\"@graph\":[{\"@type\":\"WebPage\",\"@id\":\"https:\/\/victorbrunet.fr\/index.php\/a-la-recherche-dune-entreprise-pour-un-stage-decouverte\/\",\"url\":\"https:\/\/victorbrunet.fr\/index.php\/a-la-recherche-dune-entreprise-pour-un-stage-decouverte\/\",\"name\":\"A la recherche d'une entreprise pour un stage D\u00e9couverte - Victor BRUNET\",\"isPartOf\":{\"@id\":\"https:\/\/victorbrunet.fr\/#website\"},\"datePublished\":\"2021-09-09T15:10:21+00:00\",\"dateModified\":\"2021-10-15T08:11:03+00:00\",\"breadcrumb\":{\"@id\":\"https:\/\/victorbrunet.fr\/index.php\/a-la-recherche-dune-entreprise-pour-un-stage-decouverte\/#breadcrumb\"},\"inLanguage\":\"fr-FR\",\"potentialAction\":[{\"@type\":\"ReadAction\",\"target\":[\"https:\/\/victorbrunet.fr\/index.php\/a-la-recherche-dune-entreprise-pour-un-stage-decouverte\/\"]}]},{\"@type\":\"BreadcrumbList\",\"@id\":\"https:\/\/victorbrunet.fr\/index.php\/a-la-recherche-dune-entreprise-pour-un-stage-decouverte\/#breadcrumb\",\"itemListElement\":[{\"@type\":\"ListItem\",\"position\":1,\"name\":\"Accueil\",\"item\":\"https:\/\/victorbrunet.fr\/\"},{\"@type\":\"ListItem\",\"position\":2,\"name\":\"A la recherche d&rsquo;une entreprise pour un stage D\u00e9couverte\"}]},{\"@type\":\"WebSite\",\"@id\":\"https:\/\/victorbrunet.fr\/#website\",\"url\":\"https:\/\/victorbrunet.fr\/\",\"name\":\"Victor BRUNET\",\"description\":\"Quand on veut... on fait !\",\"potentialAction\":[{\"@type\":\"SearchAction\",\"target\":{\"@type\":\"EntryPoint\",\"urlTemplate\":\"https:\/\/victorbrunet.fr\/?s={search_term_string}\"},\"query-input\":{\"@type\":\"PropertyValueSpecification\",\"valueRequired\":true,\"valueName\":\"search_term_string\"}}],\"inLanguage\":\"fr-FR\"}]}<\/script>\n<!-- \/ Yoast SEO plugin. -->","yoast_head_json":{"title":"A la recherche d'une entreprise pour un stage D\u00e9couverte - Victor BRUNET","robots":{"index":"index","follow":"follow","max-snippet":"max-snippet:-1","max-image-preview":"max-image-preview:large","max-video-preview":"max-video-preview:-1"},"canonical":"https:\/\/victorbrunet.fr\/index.php\/a-la-recherche-dune-entreprise-pour-un-stage-decouverte\/","og_locale":"fr_FR","og_type":"article","og_title":"A la recherche d'une entreprise pour un stage D\u00e9couverte - Victor BRUNET","og_description":"Les objectifs de ce stage d\u2019observation en milieu professionnel sont \u2212 Sensibiliser au monde du travail, \u00e0 l\u2019environnement technologique, \u00e9conomique et professionnel \u2212 Observer le fonctionnement d&rsquo;une entreprise \u2212 Observer les activit\u00e9s professionnelles dans un champ professionnel Voici le lien de la convention de stage : &gt; Cliquez ici Dates du stage : Du lundi [&hellip;]","og_url":"https:\/\/victorbrunet.fr\/index.php\/a-la-recherche-dune-entreprise-pour-un-stage-decouverte\/","og_site_name":"Victor BRUNET","article_modified_time":"2021-10-15T08:11:03+00:00","twitter_card":"summary_large_image","twitter_misc":{"Dur\u00e9e de lecture estim\u00e9e":"1 minute"},"schema":{"@context":"https:\/\/schema.org","@graph":[{"@type":"WebPage","@id":"https:\/\/victorbrunet.fr\/index.php\/a-la-recherche-dune-entreprise-pour-un-stage-decouverte\/","url":"https:\/\/victorbrunet.fr\/index.php\/a-la-recherche-dune-entreprise-pour-un-stage-decouverte\/","name":"A la recherche d'une entreprise pour un stage D\u00e9couverte - Victor BRUNET","isPartOf":{"@id":"https:\/\/victorbrunet.fr\/#website"},"datePublished":"2021-09-09T15:10:21+00:00","dateModified":"2021-10-15T08:11:03+00:00","breadcrumb":{"@id":"https:\/\/victorbrunet.fr\/index.php\/a-la-recherche-dune-entreprise-pour-un-stage-decouverte\/#breadcrumb"},"inLanguage":"fr-FR","potentialAction":[{"@type":"ReadAction","target":["https:\/\/victorbrunet.fr\/index.php\/a-la-recherche-dune-entreprise-pour-un-stage-decouverte\/"]}]},{"@type":"BreadcrumbList","@id":"https:\/\/victorbrunet.fr\/index.php\/a-la-recherche-dune-entreprise-pour-un-stage-decouverte\/#breadcrumb","itemListElement":[{"@type":"ListItem","position":1,"name":"Accueil","item":"https:\/\/victorbrunet.fr\/"},{"@type":"ListItem","position":2,"name":"A la recherche d&rsquo;une entreprise pour un stage D\u00e9couverte"}]},{"@type":"WebSite","@id":"https:\/\/victorbrunet.fr\/#website","url":"https:\/\/victorbrunet.fr\/","name":"Victor BRUNET","description":"Quand on veut... on fait !","potentialAction":[{"@type":"SearchAction","target":{"@type":"EntryPoint","urlTemplate":"https:\/\/victorbrunet.fr\/?s={search_term_string}"},"query-input":{"@type":"PropertyValueSpecification","valueRequired":true,"valueName":"search_term_string"}}],"inLanguage":"fr-FR"}]}},"_links":{"self":[{"href":"https:\/\/victorbrunet.fr\/index.php\/wp-json\/wp\/v2\/pages\/72","targetHints":{"allow":["GET"]}}],"collection":[{"href":"https:\/\/victorbrunet.fr\/index.php\/wp-json\/wp\/v2\/pages"}],"about":[{"href":"https:\/\/victorbrunet.fr\/index.php\/wp-json\/wp\/v2\/types\/page"}],"author":[{"embeddable":true,"href":"https:\/\/victorbrunet.fr\/index.php\/wp-json\/wp\/v2\/users\/1"}],"replies":[{"embeddable":true,"href":"https:\/\/victorbrunet.fr\/index.php\/wp-json\/wp\/v2\/comments?post=72"}],"version-history":[{"count":11,"href":"https:\/\/victorbrunet.fr\/index.php\/wp-json\/wp\/v2\/pages\/72\/revisions"}],"predecessor-version":[{"id":117,"href":"https:\/\/victorbrunet.fr\/index.php\/wp-json\/wp\/v2\/pages\/72\/revisions\/117"}],"wp:attachment":[{"href":"https:\/\/victorbrunet.fr\/index.php\/wp-json\/wp\/v2\/media?parent=72"}],"curies":[{"name":"wp","href":"https:\/\/api.w.org\/{rel}","templated":true}]}}