{"id":7,"date":"2021-09-09T10:17:52","date_gmt":"2021-09-09T08:17:52","guid":{"rendered":"http:\/\/victorbrunet.fr\/?page_id=7"},"modified":"2021-10-04T18:35:01","modified_gmt":"2021-10-04T16:35:01","slug":"a-propos-de","status":"publish","type":"page","link":"https:\/\/victorbrunet.fr\/index.php\/a-propos-de\/","title":{"rendered":"\u00c0 propos de"},"content":{"rendered":"\r\n<p>\u00ab\u00a0<em>C&rsquo;est une illusion dangereuse que de croire que l&rsquo;on peut publier sans recevoir, \u00e9crire sans lire, parler sans \u00e9couter, produire sans se nourrir, donner de soi sans se refaire.<\/em>\u00ab\u00a0<br \/>Charles Peguy<\/p>\r\n<p><img loading=\"lazy\" decoding=\"async\" class=\"alignnone size-medium wp-image-49\" src=\"https:\/\/victorbrunet.fr\/wp-content\/uploads\/2021\/09\/WhatsApp-Image-2021-09-09-at-13.18.53-300x225.jpeg\" alt=\"Victor Brunet\" width=\"300\" height=\"225\" srcset=\"https:\/\/victorbrunet.fr\/wp-content\/uploads\/2021\/09\/WhatsApp-Image-2021-09-09-at-13.18.53-300x225.jpeg 300w, https:\/\/victorbrunet.fr\/wp-content\/uploads\/2021\/09\/WhatsApp-Image-2021-09-09-at-13.18.53-1024x768.jpeg 1024w, https:\/\/victorbrunet.fr\/wp-content\/uploads\/2021\/09\/WhatsApp-Image-2021-09-09-at-13.18.53-768x576.jpeg 768w, https:\/\/victorbrunet.fr\/wp-content\/uploads\/2021\/09\/WhatsApp-Image-2021-09-09-at-13.18.53-1536x1152.jpeg 1536w, https:\/\/victorbrunet.fr\/wp-content\/uploads\/2021\/09\/WhatsApp-Image-2021-09-09-at-13.18.53-1200x900.jpeg 1200w, https:\/\/victorbrunet.fr\/wp-content\/uploads\/2021\/09\/WhatsApp-Image-2021-09-09-at-13.18.53.jpeg 1600w\" sizes=\"auto, (max-width: 300px) 100vw, 300px\" \/>Je m&rsquo;appelle Victor Brunet, j&rsquo;ai 14 ans et j&rsquo;aimerais \u00eatre ing\u00e9nieur.\u00a0 J&rsquo;\u00e9tudie \u00e0 Saint Victor, en classe de 3\u00e8me \u00e0 Valence.\u00a0 Je fais du piano, du th\u00e9\u00e2tre, ainsi que du scoutisme.<\/p>\r\n<p>Je suis curieux, j&rsquo;aime la lecture (litt\u00e9rature fantastique et de science fiction).<\/p>\r\n<p>J&rsquo;aime aussi les math\u00e9matiques, la physique et la chimie<\/p>\r\n<p>Je suis \u00e0 votre disposition pour vous montrer mon envie et ma motivation<\/p>\r\n<p>Victor Brunet<\/p>\r\n","protected":false},"excerpt":{"rendered":"<p>\u00ab\u00a0C&rsquo;est une illusion dangereuse que de croire que l&rsquo;on peut publier sans recevoir, \u00e9crire sans lire, parler sans \u00e9couter, produire sans se nourrir, donner de soi sans se refaire.\u00ab\u00a0Charles Peguy Je m&rsquo;appelle Victor Brunet, j&rsquo;ai 14 ans et j&rsquo;aimerais \u00eatre ing\u00e9nieur.\u00a0 J&rsquo;\u00e9tudie \u00e0 Saint Victor, en classe de 3\u00e8me \u00e0 Valence.\u00a0 Je fais du piano, [&hellip;]<\/p>\n","protected":false},"author":1,"featured_media":0,"parent":0,"menu_order":0,"comment_status":"closed","ping_status":"closed","template":"","meta":{"footnotes":""},"class_list":["post-7","page","type-page","status-publish","hentry"],"yoast_head":"<!-- This site is optimized with the Yoast SEO plugin v24.2 - https:\/\/yoast.com\/wordpress\/plugins\/seo\/ -->\n<title>\u00c0 propos de - Victor BRUNET<\/title>\n<meta name=\"robots\" content=\"index, follow, max-snippet:-1, max-image-preview:large, max-video-preview:-1\" \/>\n<link rel=\"canonical\" href=\"https:\/\/victorbrunet.fr\/index.php\/a-propos-de\/\" \/>\n<meta property=\"og:locale\" content=\"fr_FR\" \/>\n<meta property=\"og:type\" content=\"article\" \/>\n<meta property=\"og:title\" content=\"\u00c0 propos de - Victor BRUNET\" \/>\n<meta property=\"og:description\" content=\"\u00ab\u00a0C&rsquo;est une illusion dangereuse que de croire que l&rsquo;on peut publier sans recevoir, \u00e9crire sans lire, parler sans \u00e9couter, produire sans se nourrir, donner de soi sans se refaire.\u00ab\u00a0Charles Peguy Je m&rsquo;appelle Victor Brunet, j&rsquo;ai 14 ans et j&rsquo;aimerais \u00eatre ing\u00e9nieur.\u00a0 J&rsquo;\u00e9tudie \u00e0 Saint Victor, en classe de 3\u00e8me \u00e0 Valence.\u00a0 Je fais du piano, [&hellip;]\" \/>\n<meta property=\"og:url\" content=\"https:\/\/victorbrunet.fr\/index.php\/a-propos-de\/\" \/>\n<meta property=\"og:site_name\" content=\"Victor BRUNET\" \/>\n<meta property=\"article:modified_time\" content=\"2021-10-04T16:35:01+00:00\" \/>\n<meta property=\"og:image\" content=\"https:\/\/victorbrunet.fr\/wp-content\/uploads\/2021\/09\/WhatsApp-Image-2021-09-09-at-13.18.53-300x225.jpeg\" \/>\n<meta name=\"twitter:card\" content=\"summary_large_image\" \/>\n<script type=\"application\/ld+json\" class=\"yoast-schema-graph\">{\"@context\":\"https:\/\/schema.org\",\"@graph\":[{\"@type\":\"WebPage\",\"@id\":\"https:\/\/victorbrunet.fr\/index.php\/a-propos-de\/\",\"url\":\"https:\/\/victorbrunet.fr\/index.php\/a-propos-de\/\",\"name\":\"\u00c0 propos de - Victor BRUNET\",\"isPartOf\":{\"@id\":\"https:\/\/victorbrunet.fr\/#website\"},\"primaryImageOfPage\":{\"@id\":\"https:\/\/victorbrunet.fr\/index.php\/a-propos-de\/#primaryimage\"},\"image\":{\"@id\":\"https:\/\/victorbrunet.fr\/index.php\/a-propos-de\/#primaryimage\"},\"thumbnailUrl\":\"https:\/\/victorbrunet.fr\/wp-content\/uploads\/2021\/09\/WhatsApp-Image-2021-09-09-at-13.18.53-300x225.jpeg\",\"datePublished\":\"2021-09-09T08:17:52+00:00\",\"dateModified\":\"2021-10-04T16:35:01+00:00\",\"breadcrumb\":{\"@id\":\"https:\/\/victorbrunet.fr\/index.php\/a-propos-de\/#breadcrumb\"},\"inLanguage\":\"fr-FR\",\"potentialAction\":[{\"@type\":\"ReadAction\",\"target\":[\"https:\/\/victorbrunet.fr\/index.php\/a-propos-de\/\"]}]},{\"@type\":\"ImageObject\",\"inLanguage\":\"fr-FR\",\"@id\":\"https:\/\/victorbrunet.fr\/index.php\/a-propos-de\/#primaryimage\",\"url\":\"https:\/\/victorbrunet.fr\/wp-content\/uploads\/2021\/09\/WhatsApp-Image-2021-09-09-at-13.18.53.jpeg\",\"contentUrl\":\"https:\/\/victorbrunet.fr\/wp-content\/uploads\/2021\/09\/WhatsApp-Image-2021-09-09-at-13.18.53.jpeg\",\"width\":1600,\"height\":1200,\"caption\":\"Victor Brunet\"},{\"@type\":\"BreadcrumbList\",\"@id\":\"https:\/\/victorbrunet.fr\/index.php\/a-propos-de\/#breadcrumb\",\"itemListElement\":[{\"@type\":\"ListItem\",\"position\":1,\"name\":\"Accueil\",\"item\":\"https:\/\/victorbrunet.fr\/\"},{\"@type\":\"ListItem\",\"position\":2,\"name\":\"\u00c0 propos de\"}]},{\"@type\":\"WebSite\",\"@id\":\"https:\/\/victorbrunet.fr\/#website\",\"url\":\"https:\/\/victorbrunet.fr\/\",\"name\":\"Victor BRUNET\",\"description\":\"Quand on veut... on fait !\",\"potentialAction\":[{\"@type\":\"SearchAction\",\"target\":{\"@type\":\"EntryPoint\",\"urlTemplate\":\"https:\/\/victorbrunet.fr\/?s={search_term_string}\"},\"query-input\":{\"@type\":\"PropertyValueSpecification\",\"valueRequired\":true,\"valueName\":\"search_term_string\"}}],\"inLanguage\":\"fr-FR\"}]}<\/script>\n<!-- \/ Yoast SEO plugin. -->","yoast_head_json":{"title":"\u00c0 propos de - Victor BRUNET","robots":{"index":"index","follow":"follow","max-snippet":"max-snippet:-1","max-image-preview":"max-image-preview:large","max-video-preview":"max-video-preview:-1"},"canonical":"https:\/\/victorbrunet.fr\/index.php\/a-propos-de\/","og_locale":"fr_FR","og_type":"article","og_title":"\u00c0 propos de - Victor BRUNET","og_description":"\u00ab\u00a0C&rsquo;est une illusion dangereuse que de croire que l&rsquo;on peut publier sans recevoir, \u00e9crire sans lire, parler sans \u00e9couter, produire sans se nourrir, donner de soi sans se refaire.\u00ab\u00a0Charles Peguy Je m&rsquo;appelle Victor Brunet, j&rsquo;ai 14 ans et j&rsquo;aimerais \u00eatre ing\u00e9nieur.\u00a0 J&rsquo;\u00e9tudie \u00e0 Saint Victor, en classe de 3\u00e8me \u00e0 Valence.\u00a0 Je fais du piano, [&hellip;]","og_url":"https:\/\/victorbrunet.fr\/index.php\/a-propos-de\/","og_site_name":"Victor BRUNET","article_modified_time":"2021-10-04T16:35:01+00:00","og_image":[{"url":"https:\/\/victorbrunet.fr\/wp-content\/uploads\/2021\/09\/WhatsApp-Image-2021-09-09-at-13.18.53-300x225.jpeg","type":"","width":"","height":""}],"twitter_card":"summary_large_image","schema":{"@context":"https:\/\/schema.org","@graph":[{"@type":"WebPage","@id":"https:\/\/victorbrunet.fr\/index.php\/a-propos-de\/","url":"https:\/\/victorbrunet.fr\/index.php\/a-propos-de\/","name":"\u00c0 propos de - Victor BRUNET","isPartOf":{"@id":"https:\/\/victorbrunet.fr\/#website"},"primaryImageOfPage":{"@id":"https:\/\/victorbrunet.fr\/index.php\/a-propos-de\/#primaryimage"},"image":{"@id":"https:\/\/victorbrunet.fr\/index.php\/a-propos-de\/#primaryimage"},"thumbnailUrl":"https:\/\/victorbrunet.fr\/wp-content\/uploads\/2021\/09\/WhatsApp-Image-2021-09-09-at-13.18.53-300x225.jpeg","datePublished":"2021-09-09T08:17:52+00:00","dateModified":"2021-10-04T16:35:01+00:00","breadcrumb":{"@id":"https:\/\/victorbrunet.fr\/index.php\/a-propos-de\/#breadcrumb"},"inLanguage":"fr-FR","potentialAction":[{"@type":"ReadAction","target":["https:\/\/victorbrunet.fr\/index.php\/a-propos-de\/"]}]},{"@type":"ImageObject","inLanguage":"fr-FR","@id":"https:\/\/victorbrunet.fr\/index.php\/a-propos-de\/#primaryimage","url":"https:\/\/victorbrunet.fr\/wp-content\/uploads\/2021\/09\/WhatsApp-Image-2021-09-09-at-13.18.53.jpeg","contentUrl":"https:\/\/victorbrunet.fr\/wp-content\/uploads\/2021\/09\/WhatsApp-Image-2021-09-09-at-13.18.53.jpeg","width":1600,"height":1200,"caption":"Victor Brunet"},{"@type":"BreadcrumbList","@id":"https:\/\/victorbrunet.fr\/index.php\/a-propos-de\/#breadcrumb","itemListElement":[{"@type":"ListItem","position":1,"name":"Accueil","item":"https:\/\/victorbrunet.fr\/"},{"@type":"ListItem","position":2,"name":"\u00c0 propos de"}]},{"@type":"WebSite","@id":"https:\/\/victorbrunet.fr\/#website","url":"https:\/\/victorbrunet.fr\/","name":"Victor BRUNET","description":"Quand on veut... on fait !","potentialAction":[{"@type":"SearchAction","target":{"@type":"EntryPoint","urlTemplate":"https:\/\/victorbrunet.fr\/?s={search_term_string}"},"query-input":{"@type":"PropertyValueSpecification","valueRequired":true,"valueName":"search_term_string"}}],"inLanguage":"fr-FR"}]}},"_links":{"self":[{"href":"https:\/\/victorbrunet.fr\/index.php\/wp-json\/wp\/v2\/pages\/7","targetHints":{"allow":["GET"]}}],"collection":[{"href":"https:\/\/victorbrunet.fr\/index.php\/wp-json\/wp\/v2\/pages"}],"about":[{"href":"https:\/\/victorbrunet.fr\/index.php\/wp-json\/wp\/v2\/types\/page"}],"author":[{"embeddable":true,"href":"https:\/\/victorbrunet.fr\/index.php\/wp-json\/wp\/v2\/users\/1"}],"replies":[{"embeddable":true,"href":"https:\/\/victorbrunet.fr\/index.php\/wp-json\/wp\/v2\/comments?post=7"}],"version-history":[{"count":7,"href":"https:\/\/victorbrunet.fr\/index.php\/wp-json\/wp\/v2\/pages\/7\/revisions"}],"predecessor-version":[{"id":110,"href":"https:\/\/victorbrunet.fr\/index.php\/wp-json\/wp\/v2\/pages\/7\/revisions\/110"}],"wp:attachment":[{"href":"https:\/\/victorbrunet.fr\/index.php\/wp-json\/wp\/v2\/media?parent=7"}],"curies":[{"name":"wp","href":"https:\/\/api.w.org\/{rel}","templated":true}]}}