{"id":30,"date":"2021-09-09T10:22:10","date_gmt":"2021-09-09T08:22:10","guid":{"rendered":"http:\/\/victorbrunet.fr\/?page_id=30"},"modified":"2021-09-10T12:44:04","modified_gmt":"2021-09-10T10:44:04","slug":"mes-centres-interet","status":"publish","type":"page","link":"https:\/\/victorbrunet.fr\/index.php\/mes-centres-interet\/","title":{"rendered":"Mes centres d&rsquo;int\u00e9r\u00eat"},"content":{"rendered":"<p>Mes centres d&rsquo;int\u00e9r\u00eat me permettent de m&rsquo;exprimer dans mes passions et les champs qui m&rsquo;int\u00e9ressent.<\/p>\n<p>Je suis tr\u00e8s int\u00e9ress\u00e9 par des aspects techniques et scientifiques. Je lis r\u00e9guli\u00e8rement la presse sp\u00e9cialis\u00e9e dans ces domaines. Mais je suis ouvert aussi \u00e0 des articles sur l&rsquo;arch\u00e9ologie et l&rsquo;histoire.<\/p>\n<p>Au coll\u00e8ge, j&rsquo;excelle en math et en sciences physiques. Ce sont pour moi des mati\u00e8res dans lesquels je trouve de quoi satisfaire ma curiosit\u00e9.<\/p>\n<p>Mais je participe aussi \u00e0 des \u00e9v\u00e8nements de scoutisme pour cr\u00e9er du lien social. Je prends \u00e9galement des cours de piano depuis plusieurs ann\u00e9es maintenant.<\/p>\n","protected":false},"excerpt":{"rendered":"<p>Mes centres d&rsquo;int\u00e9r\u00eat me permettent de m&rsquo;exprimer dans mes passions et les champs qui m&rsquo;int\u00e9ressent. Je suis tr\u00e8s int\u00e9ress\u00e9 par des aspects techniques et scientifiques. Je lis r\u00e9guli\u00e8rement la presse sp\u00e9cialis\u00e9e dans ces domaines. Mais je suis ouvert aussi \u00e0 des articles sur l&rsquo;arch\u00e9ologie et l&rsquo;histoire. Au coll\u00e8ge, j&rsquo;excelle en math et en sciences physiques. [&hellip;]<\/p>\n","protected":false},"author":1,"featured_media":0,"parent":0,"menu_order":0,"comment_status":"closed","ping_status":"closed","template":"","meta":{"footnotes":""},"class_list":["post-30","page","type-page","status-publish","hentry"],"yoast_head":"<!-- This site is optimized with the Yoast SEO plugin v24.2 - https:\/\/yoast.com\/wordpress\/plugins\/seo\/ -->\n<title>Mes centres d&#039;int\u00e9r\u00eat - Victor BRUNET<\/title>\n<meta name=\"robots\" content=\"index, follow, max-snippet:-1, max-image-preview:large, max-video-preview:-1\" \/>\n<link rel=\"canonical\" href=\"https:\/\/victorbrunet.fr\/index.php\/mes-centres-interet\/\" \/>\n<meta property=\"og:locale\" content=\"fr_FR\" \/>\n<meta property=\"og:type\" content=\"article\" \/>\n<meta property=\"og:title\" content=\"Mes centres d&#039;int\u00e9r\u00eat - Victor BRUNET\" \/>\n<meta property=\"og:description\" content=\"Mes centres d&rsquo;int\u00e9r\u00eat me permettent de m&rsquo;exprimer dans mes passions et les champs qui m&rsquo;int\u00e9ressent. Je suis tr\u00e8s int\u00e9ress\u00e9 par des aspects techniques et scientifiques. Je lis r\u00e9guli\u00e8rement la presse sp\u00e9cialis\u00e9e dans ces domaines. Mais je suis ouvert aussi \u00e0 des articles sur l&rsquo;arch\u00e9ologie et l&rsquo;histoire. Au coll\u00e8ge, j&rsquo;excelle en math et en sciences physiques. [&hellip;]\" \/>\n<meta property=\"og:url\" content=\"https:\/\/victorbrunet.fr\/index.php\/mes-centres-interet\/\" \/>\n<meta property=\"og:site_name\" content=\"Victor BRUNET\" \/>\n<meta property=\"article:modified_time\" content=\"2021-09-10T10:44:04+00:00\" \/>\n<meta name=\"twitter:card\" content=\"summary_large_image\" \/>\n<meta name=\"twitter:label1\" content=\"Dur\u00e9e de lecture estim\u00e9e\" \/>\n\t<meta name=\"twitter:data1\" content=\"1 minute\" \/>\n<script type=\"application\/ld+json\" class=\"yoast-schema-graph\">{\"@context\":\"https:\/\/schema.org\",\"@graph\":[{\"@type\":\"WebPage\",\"@id\":\"https:\/\/victorbrunet.fr\/index.php\/mes-centres-interet\/\",\"url\":\"https:\/\/victorbrunet.fr\/index.php\/mes-centres-interet\/\",\"name\":\"Mes centres d'int\u00e9r\u00eat - Victor BRUNET\",\"isPartOf\":{\"@id\":\"https:\/\/victorbrunet.fr\/#website\"},\"datePublished\":\"2021-09-09T08:22:10+00:00\",\"dateModified\":\"2021-09-10T10:44:04+00:00\",\"breadcrumb\":{\"@id\":\"https:\/\/victorbrunet.fr\/index.php\/mes-centres-interet\/#breadcrumb\"},\"inLanguage\":\"fr-FR\",\"potentialAction\":[{\"@type\":\"ReadAction\",\"target\":[\"https:\/\/victorbrunet.fr\/index.php\/mes-centres-interet\/\"]}]},{\"@type\":\"BreadcrumbList\",\"@id\":\"https:\/\/victorbrunet.fr\/index.php\/mes-centres-interet\/#breadcrumb\",\"itemListElement\":[{\"@type\":\"ListItem\",\"position\":1,\"name\":\"Accueil\",\"item\":\"https:\/\/victorbrunet.fr\/\"},{\"@type\":\"ListItem\",\"position\":2,\"name\":\"Mes centres d&rsquo;int\u00e9r\u00eat\"}]},{\"@type\":\"WebSite\",\"@id\":\"https:\/\/victorbrunet.fr\/#website\",\"url\":\"https:\/\/victorbrunet.fr\/\",\"name\":\"Victor BRUNET\",\"description\":\"Quand on veut... on fait !\",\"potentialAction\":[{\"@type\":\"SearchAction\",\"target\":{\"@type\":\"EntryPoint\",\"urlTemplate\":\"https:\/\/victorbrunet.fr\/?s={search_term_string}\"},\"query-input\":{\"@type\":\"PropertyValueSpecification\",\"valueRequired\":true,\"valueName\":\"search_term_string\"}}],\"inLanguage\":\"fr-FR\"}]}<\/script>\n<!-- \/ Yoast SEO plugin. -->","yoast_head_json":{"title":"Mes centres d'int\u00e9r\u00eat - Victor BRUNET","robots":{"index":"index","follow":"follow","max-snippet":"max-snippet:-1","max-image-preview":"max-image-preview:large","max-video-preview":"max-video-preview:-1"},"canonical":"https:\/\/victorbrunet.fr\/index.php\/mes-centres-interet\/","og_locale":"fr_FR","og_type":"article","og_title":"Mes centres d'int\u00e9r\u00eat - Victor BRUNET","og_description":"Mes centres d&rsquo;int\u00e9r\u00eat me permettent de m&rsquo;exprimer dans mes passions et les champs qui m&rsquo;int\u00e9ressent. Je suis tr\u00e8s int\u00e9ress\u00e9 par des aspects techniques et scientifiques. Je lis r\u00e9guli\u00e8rement la presse sp\u00e9cialis\u00e9e dans ces domaines. Mais je suis ouvert aussi \u00e0 des articles sur l&rsquo;arch\u00e9ologie et l&rsquo;histoire. Au coll\u00e8ge, j&rsquo;excelle en math et en sciences physiques. [&hellip;]","og_url":"https:\/\/victorbrunet.fr\/index.php\/mes-centres-interet\/","og_site_name":"Victor BRUNET","article_modified_time":"2021-09-10T10:44:04+00:00","twitter_card":"summary_large_image","twitter_misc":{"Dur\u00e9e de lecture estim\u00e9e":"1 minute"},"schema":{"@context":"https:\/\/schema.org","@graph":[{"@type":"WebPage","@id":"https:\/\/victorbrunet.fr\/index.php\/mes-centres-interet\/","url":"https:\/\/victorbrunet.fr\/index.php\/mes-centres-interet\/","name":"Mes centres d'int\u00e9r\u00eat - Victor BRUNET","isPartOf":{"@id":"https:\/\/victorbrunet.fr\/#website"},"datePublished":"2021-09-09T08:22:10+00:00","dateModified":"2021-09-10T10:44:04+00:00","breadcrumb":{"@id":"https:\/\/victorbrunet.fr\/index.php\/mes-centres-interet\/#breadcrumb"},"inLanguage":"fr-FR","potentialAction":[{"@type":"ReadAction","target":["https:\/\/victorbrunet.fr\/index.php\/mes-centres-interet\/"]}]},{"@type":"BreadcrumbList","@id":"https:\/\/victorbrunet.fr\/index.php\/mes-centres-interet\/#breadcrumb","itemListElement":[{"@type":"ListItem","position":1,"name":"Accueil","item":"https:\/\/victorbrunet.fr\/"},{"@type":"ListItem","position":2,"name":"Mes centres d&rsquo;int\u00e9r\u00eat"}]},{"@type":"WebSite","@id":"https:\/\/victorbrunet.fr\/#website","url":"https:\/\/victorbrunet.fr\/","name":"Victor BRUNET","description":"Quand on veut... on fait !","potentialAction":[{"@type":"SearchAction","target":{"@type":"EntryPoint","urlTemplate":"https:\/\/victorbrunet.fr\/?s={search_term_string}"},"query-input":{"@type":"PropertyValueSpecification","valueRequired":true,"valueName":"search_term_string"}}],"inLanguage":"fr-FR"}]}},"_links":{"self":[{"href":"https:\/\/victorbrunet.fr\/index.php\/wp-json\/wp\/v2\/pages\/30","targetHints":{"allow":["GET"]}}],"collection":[{"href":"https:\/\/victorbrunet.fr\/index.php\/wp-json\/wp\/v2\/pages"}],"about":[{"href":"https:\/\/victorbrunet.fr\/index.php\/wp-json\/wp\/v2\/types\/page"}],"author":[{"embeddable":true,"href":"https:\/\/victorbrunet.fr\/index.php\/wp-json\/wp\/v2\/users\/1"}],"replies":[{"embeddable":true,"href":"https:\/\/victorbrunet.fr\/index.php\/wp-json\/wp\/v2\/comments?post=30"}],"version-history":[{"count":4,"href":"https:\/\/victorbrunet.fr\/index.php\/wp-json\/wp\/v2\/pages\/30\/revisions"}],"predecessor-version":[{"id":83,"href":"https:\/\/victorbrunet.fr\/index.php\/wp-json\/wp\/v2\/pages\/30\/revisions\/83"}],"wp:attachment":[{"href":"https:\/\/victorbrunet.fr\/index.php\/wp-json\/wp\/v2\/media?parent=30"}],"curies":[{"name":"wp","href":"https:\/\/api.w.org\/{rel}","templated":true}]}}